{"id":914,"date":"2020-04-27T10:10:51","date_gmt":"2020-04-27T08:10:51","guid":{"rendered":"http:\/\/frenchbymelanie.com\/contact-and-booking\/"},"modified":"2021-08-10T16:55:26","modified_gmt":"2021-08-10T14:55:26","slug":"contact","status":"publish","type":"page","link":"https:\/\/www.frenchbymelanie.com\/en\/contact\/","title":{"rendered":"Contact"},"content":{"rendered":"<p>[et_pb_section fb_built=&#8221;1&#8243; fullwidth=&#8221;on&#8221; admin_label=&#8221;Section titre&#8221; _builder_version=&#8221;4.4.0&#8243; bottom_divider_style=&#8221;waves2&#8243; bottom_divider_color=&#8221;#ffffff&#8221; bottom_divider_height=&#8221;36px&#8221; bottom_divider_flip=&#8221;horizontal|vertical&#8221;][et_pb_fullwidth_header title=&#8221;@ET-DC@eyJkeW5hbWljIjp0cnVlLCJjb250ZW50IjoicG9zdF90aXRsZSIsInNldHRpbmdzIjp7ImJlZm9yZSI6IiIsImFmdGVyIjoiIn19@&#8221; background_overlay_color=&#8221;rgba(3,51,69,0.3)&#8221; _builder_version=&#8221;4.9.2&#8243; _dynamic_attributes=&#8221;title,background_image&#8221; title_font_size=&#8221;50px&#8221; background_color=&#8221;#033345&#8243; custom_padding=&#8221;||78px|||&#8221;]<\/p>\n<p>&#8211; French By M\u00e9lanie &#8211;<\/p>\n<p>[\/et_pb_fullwidth_header][\/et_pb_section][et_pb_section fb_built=&#8221;1&#8243; custom_padding_last_edited=&#8221;on|phone&#8221; admin_label=&#8221;Contact&#8221; _builder_version=&#8221;4.4.0&#8243; background_color=&#8221;#ffffff&#8221; custom_padding=&#8221;65px|0px|65px|0px|true|false&#8221; custom_padding_tablet=&#8221;&#8221; custom_padding_phone=&#8221;50px||50px||true&#8221;][et_pb_row column_structure=&#8221;2_5,3_5&#8243; _builder_version=&#8221;4.4.0&#8243; use_custom_width=&#8221;on&#8221; custom_width_px=&#8221;800px&#8221;][et_pb_column type=&#8221;2_5&#8243; _builder_version=&#8221;3.25&#8243; custom_padding=&#8221;|||&#8221; custom_padding__hover=&#8221;|||&#8221;][et_pb_text _builder_version=&#8221;3.27.4&#8243; text_font=&#8221;Parisish||||||||&#8221; text_text_color=&#8221;#033345&#8243; text_font_size=&#8221;25px&#8221; header_font=&#8221;||||||||&#8221; header_2_font=&#8221;||||||||&#8221; header_2_text_color=&#8221;#033345&#8243; header_2_font_size=&#8221;43px&#8221; header_3_font=&#8221;|||on|||||&#8221; header_3_text_color=&#8221;#033345&#8243; header_3_font_size=&#8221;47px&#8221; text_orientation=&#8221;center&#8221; custom_margin=&#8221;17px|||||&#8221; header_2_font_size_tablet=&#8221;&#8221; header_2_font_size_phone=&#8221;20px&#8221; header_2_font_size_last_edited=&#8221;on|phone&#8221; header_3_font_size_tablet=&#8221;&#8221; header_3_font_size_phone=&#8221;30px&#8221; header_3_font_size_last_edited=&#8221;on|phone&#8221; inline_fonts=&#8221;Parisish&#8221;]<\/p>\n<p style=\"text-align: center;\"><span style=\"font-size: 25px;\">M\u00e9lanie Pereira<\/span><\/p>\n<p>  + 33 (0) 6 58 00 78 46<\/p>\n<p>[\/et_pb_text][et_pb_text _builder_version=&#8221;4.9.2&#8243; text_text_color=&#8221;#033345&#8243; header_font=&#8221;||||||||&#8221; header_2_font=&#8221;||||||||&#8221; header_2_text_color=&#8221;#033345&#8243; header_2_font_size=&#8221;43px&#8221; header_3_font=&#8221;|||on|||||&#8221; header_3_text_color=&#8221;#033345&#8243; header_3_font_size=&#8221;47px&#8221; text_orientation=&#8221;center&#8221; header_2_font_size_tablet=&#8221;&#8221; header_2_font_size_phone=&#8221;20px&#8221; header_2_font_size_last_edited=&#8221;on|phone&#8221; header_3_font_size_tablet=&#8221;&#8221; header_3_font_size_phone=&#8221;30px&#8221; header_3_font_size_last_edited=&#8221;on|phone&#8221; inline_fonts=&#8221;Parisish&#8221;]<\/p>\n<p>Learn French in Burgundy.<\/p>\n<p>French courses in wine and gastronomy.<\/p>\n<p>[\/et_pb_text][et_pb_text _builder_version=&#8221;3.27.4&#8243; text_font=&#8221;Parisish||||||||&#8221; text_text_color=&#8221;#033345&#8243; text_font_size=&#8221;25px&#8221; header_font=&#8221;||||||||&#8221; header_2_font=&#8221;||||||||&#8221; header_2_text_color=&#8221;#033345&#8243; header_2_font_size=&#8221;43px&#8221; header_3_font=&#8221;|||on|||||&#8221; header_3_text_color=&#8221;#033345&#8243; header_3_font_size=&#8221;47px&#8221; text_orientation=&#8221;center&#8221; header_2_font_size_tablet=&#8221;&#8221; header_2_font_size_phone=&#8221;20px&#8221; header_2_font_size_last_edited=&#8221;on|phone&#8221; header_3_font_size_tablet=&#8221;&#8221; header_3_font_size_phone=&#8221;30px&#8221; header_3_font_size_last_edited=&#8221;on|phone&#8221; inline_fonts=&#8221;Parisish&#8221;]<\/p>\n<p style=\"text-align: center;\">\n<p><span style=\"color: #e02b20;\">Follow me on the networks <br \/>or contact me for more information.<\/span><\/p>\n<p>[\/et_pb_text][et_pb_social_media_follow url_new_window=&#8221;off&#8221; _builder_version=&#8221;3.9&#8243; text_orientation=&#8221;center&#8221;][et_pb_social_media_follow_network social_network=&#8221;facebook&#8221; url=&#8221;https:\/\/www.facebook.com\/Myfrenchtour\/&#8221; _builder_version=&#8221;3.9&#8243; background_color=&#8221;#3b5998&#8243; follow_button=&#8221;off&#8221; url_new_window=&#8221;off&#8221;] Facebook [\/et_pb_social_media_follow_network][et_pb_social_media_follow_network social_network=&#8221;instagram&#8221; url=&#8221;https:\/\/www.instagram.com\/myfrenchtour\/&#8221; _builder_version=&#8221;3.9&#8243; background_color=&#8221;#ea2c59&#8243; follow_button=&#8221;off&#8221; url_new_window=&#8221;off&#8221;] Instagram [\/et_pb_social_media_follow_network][\/et_pb_social_media_follow][\/et_pb_column][et_pb_column type=&#8221;3_5&#8243; _builder_version=&#8221;3.25&#8243; custom_padding=&#8221;|||&#8221; custom_padding__hover=&#8221;|||&#8221;][et_pb_contact_form email=&#8221;pereiramelanie71@gmail.com, contact@frenchbymelanie.com&#8221; _builder_version=&#8221;4.9.10&#8243; _module_preset=&#8221;default&#8221; hover_enabled=&#8221;0&#8243; locked=&#8221;off&#8221; use_spam_service=&#8221;on&#8221; recaptcha_list=&#8221;wwwfrenchbymelaniecom|wwwfrenchbymelaniecom-0&#8243; sticky_enabled=&#8221;0&#8243;][et_pb_contact_field field_id=&#8221;First_Name&#8221; field_title=&#8221;First Name&#8221; _builder_version=&#8221;4.9.2&#8243; button_text_size__hover_enabled=&#8221;off&#8221; button_one_text_size__hover_enabled=&#8221;off&#8221; button_two_text_size__hover_enabled=&#8221;off&#8221; button_text_color__hover_enabled=&#8221;off&#8221; button_one_text_color__hover_enabled=&#8221;off&#8221; button_two_text_color__hover_enabled=&#8221;off&#8221; button_border_width__hover_enabled=&#8221;off&#8221; button_one_border_width__hover_enabled=&#8221;off&#8221; button_two_border_width__hover_enabled=&#8221;off&#8221; button_border_color__hover_enabled=&#8221;off&#8221; button_one_border_color__hover_enabled=&#8221;off&#8221; button_two_border_color__hover_enabled=&#8221;off&#8221; button_border_radius__hover_enabled=&#8221;off&#8221; button_one_border_radius__hover_enabled=&#8221;off&#8221; button_two_border_radius__hover_enabled=&#8221;off&#8221; button_letter_spacing__hover_enabled=&#8221;off&#8221; button_one_letter_spacing__hover_enabled=&#8221;off&#8221; button_two_letter_spacing__hover_enabled=&#8221;off&#8221; button_bg_color__hover_enabled=&#8221;off&#8221; button_one_bg_color__hover_enabled=&#8221;off&#8221; button_two_bg_color__hover_enabled=&#8221;off&#8221;][\/et_pb_contact_field][et_pb_contact_field field_id=&#8221;Name&#8221; field_title=&#8221;Name&#8221; _builder_version=&#8221;4.9.2&#8243; button_text_size__hover_enabled=&#8221;off&#8221; button_one_text_size__hover_enabled=&#8221;off&#8221; button_two_text_size__hover_enabled=&#8221;off&#8221; button_text_color__hover_enabled=&#8221;off&#8221; button_one_text_color__hover_enabled=&#8221;off&#8221; button_two_text_color__hover_enabled=&#8221;off&#8221; button_border_width__hover_enabled=&#8221;off&#8221; button_one_border_width__hover_enabled=&#8221;off&#8221; button_two_border_width__hover_enabled=&#8221;off&#8221; button_border_color__hover_enabled=&#8221;off&#8221; button_one_border_color__hover_enabled=&#8221;off&#8221; button_two_border_color__hover_enabled=&#8221;off&#8221; button_border_radius__hover_enabled=&#8221;off&#8221; button_one_border_radius__hover_enabled=&#8221;off&#8221; button_two_border_radius__hover_enabled=&#8221;off&#8221; button_letter_spacing__hover_enabled=&#8221;off&#8221; button_one_letter_spacing__hover_enabled=&#8221;off&#8221; button_two_letter_spacing__hover_enabled=&#8221;off&#8221; button_bg_color__hover_enabled=&#8221;off&#8221; button_one_bg_color__hover_enabled=&#8221;off&#8221; button_two_bg_color__hover_enabled=&#8221;off&#8221;][\/et_pb_contact_field][et_pb_contact_field field_id=&#8221;Phone&#8221; field_title=&#8221;Phone&#8221; allowed_symbols=&#8221;numbers&#8221; _builder_version=&#8221;4.9.2&#8243; button_text_size__hover_enabled=&#8221;off&#8221; button_one_text_size__hover_enabled=&#8221;off&#8221; button_two_text_size__hover_enabled=&#8221;off&#8221; button_text_color__hover_enabled=&#8221;off&#8221; button_one_text_color__hover_enabled=&#8221;off&#8221; button_two_text_color__hover_enabled=&#8221;off&#8221; button_border_width__hover_enabled=&#8221;off&#8221; button_one_border_width__hover_enabled=&#8221;off&#8221; button_two_border_width__hover_enabled=&#8221;off&#8221; button_border_color__hover_enabled=&#8221;off&#8221; button_one_border_color__hover_enabled=&#8221;off&#8221; button_two_border_color__hover_enabled=&#8221;off&#8221; button_border_radius__hover_enabled=&#8221;off&#8221; button_one_border_radius__hover_enabled=&#8221;off&#8221; button_two_border_radius__hover_enabled=&#8221;off&#8221; button_letter_spacing__hover_enabled=&#8221;off&#8221; button_one_letter_spacing__hover_enabled=&#8221;off&#8221; button_two_letter_spacing__hover_enabled=&#8221;off&#8221; button_bg_color__hover_enabled=&#8221;off&#8221; button_one_bg_color__hover_enabled=&#8221;off&#8221; button_two_bg_color__hover_enabled=&#8221;off&#8221;][\/et_pb_contact_field][et_pb_contact_field field_id=&#8221;Email&#8221; field_title=&#8221;Adresse e-mail&#8221; field_type=&#8221;email&#8221; _builder_version=&#8221;3.16&#8243; button_text_size__hover_enabled=&#8221;off&#8221; button_one_text_size__hover_enabled=&#8221;off&#8221; button_two_text_size__hover_enabled=&#8221;off&#8221; button_text_color__hover_enabled=&#8221;off&#8221; button_one_text_color__hover_enabled=&#8221;off&#8221; button_two_text_color__hover_enabled=&#8221;off&#8221; button_border_width__hover_enabled=&#8221;off&#8221; button_one_border_width__hover_enabled=&#8221;off&#8221; button_two_border_width__hover_enabled=&#8221;off&#8221; button_border_color__hover_enabled=&#8221;off&#8221; button_one_border_color__hover_enabled=&#8221;off&#8221; button_two_border_color__hover_enabled=&#8221;off&#8221; button_border_radius__hover_enabled=&#8221;off&#8221; button_one_border_radius__hover_enabled=&#8221;off&#8221; button_two_border_radius__hover_enabled=&#8221;off&#8221; button_letter_spacing__hover_enabled=&#8221;off&#8221; button_one_letter_spacing__hover_enabled=&#8221;off&#8221; button_two_letter_spacing__hover_enabled=&#8221;off&#8221; button_bg_color__hover_enabled=&#8221;off&#8221; button_one_bg_color__hover_enabled=&#8221;off&#8221; button_two_bg_color__hover_enabled=&#8221;off&#8221;][\/et_pb_contact_field][et_pb_contact_field field_id=&#8221;Message&#8221; field_title=&#8221;Message&#8221; field_type=&#8221;text&#8221; fullwidth_field=&#8221;on&#8221; _builder_version=&#8221;3.16&#8243; button_text_size__hover_enabled=&#8221;off&#8221; button_one_text_size__hover_enabled=&#8221;off&#8221; button_two_text_size__hover_enabled=&#8221;off&#8221; button_text_color__hover_enabled=&#8221;off&#8221; button_one_text_color__hover_enabled=&#8221;off&#8221; button_two_text_color__hover_enabled=&#8221;off&#8221; button_border_width__hover_enabled=&#8221;off&#8221; button_one_border_width__hover_enabled=&#8221;off&#8221; button_two_border_width__hover_enabled=&#8221;off&#8221; button_border_color__hover_enabled=&#8221;off&#8221; button_one_border_color__hover_enabled=&#8221;off&#8221; button_two_border_color__hover_enabled=&#8221;off&#8221; button_border_radius__hover_enabled=&#8221;off&#8221; button_one_border_radius__hover_enabled=&#8221;off&#8221; button_two_border_radius__hover_enabled=&#8221;off&#8221; button_letter_spacing__hover_enabled=&#8221;off&#8221; button_one_letter_spacing__hover_enabled=&#8221;off&#8221; button_two_letter_spacing__hover_enabled=&#8221;off&#8221; button_bg_color__hover_enabled=&#8221;off&#8221; button_one_bg_color__hover_enabled=&#8221;off&#8221; button_two_bg_color__hover_enabled=&#8221;off&#8221;][\/et_pb_contact_field][\/et_pb_contact_form][\/et_pb_column][\/et_pb_row][\/et_pb_section][et_pb_section fb_built=&#8221;1&#8243; fullwidth=&#8221;on&#8221; _builder_version=&#8221;4.4.0&#8243; top_divider_style=&#8221;waves2&#8243; top_divider_color=&#8221;#ffffff&#8221; top_divider_height=&#8221;50px&#8221;][et_pb_fullwidth_map address=&#8221;Bourgogne, France&#8221; zoom_level=&#8221;9&#8243; address_lat=&#8221;46.876310208925&#8243; address_lng=&#8221;4.724297671875&#8243; mouse_wheel=&#8221;off&#8221; _builder_version=&#8221;4.4.0&#8243;][et_pb_map_pin title=&#8221;My French Tour&#8221; pin_address=&#8221;17 Rue Goujon, 71150 Rully, France&#8221; pin_address_lat=&#8221;46.874935&#8243; pin_address_lng=&#8221;4.743341&#8243; _builder_version=&#8221;4.4.0&#8243;]<\/p>\n<p>Tours in the vineyard and language holidays in Burgundy &#8211; tours in 2cv<\/p>\n<p><a href=\"mailto:contact@myfrenchtour.com\">contact@myfrenchtour.com<\/a><\/p>\n<p>+33 (0)6 58 00 78 46<\/p>\n<p>17 Goujon Street, 71150 Rully<\/p>\n<p>[\/et_pb_map_pin][\/et_pb_fullwidth_map][\/et_pb_section]<\/p>\n","protected":false},"excerpt":{"rendered":"<p>&#8211; French By M\u00e9lanie &#8211; &#x22; M\u00e9lanie Pereira + 33 (0) 6 58 00 78 46 Learn French in Burgundy. French courses in wine and gastronomy. Follow me on the networks or contact me for more information. FollowFollow First Name Name Phone Adresse e-mail Message Submit My French Tour Tours in the vineyard and language [&hellip;]<\/p>\n","protected":false},"author":1,"featured_media":870,"parent":0,"menu_order":0,"comment_status":"closed","ping_status":"closed","template":"","meta":{"_et_pb_use_builder":"on","_et_pb_old_content":"<p>It is a page with basic contact information, such as address and phone number. You can also try an extension to add a contact form.<\/p>","_et_gb_content_width":""},"yoast_head":"<!-- This site is optimized with the Yoast SEO plugin v16.9 - https:\/\/yoast.com\/wordpress\/plugins\/seo\/ -->\n<title>Contact - French By M\u00e9lanie<\/title>\n<meta name=\"description\" content=\"Learn French in Burgundy, french courses in wine and gastronomy, immersive trips to Burgundy mixing French Classes and visits.\" \/>\n<meta name=\"robots\" content=\"index, follow, max-snippet:-1, max-image-preview:large, max-video-preview:-1\" \/>\n<link rel=\"canonical\" href=\"https:\/\/www.frenchbymelanie.com\/en\/contact\/\" \/>\n<meta property=\"og:locale\" content=\"en_US\" \/>\n<meta property=\"og:type\" content=\"article\" \/>\n<meta property=\"og:title\" content=\"Contact - French By M\u00e9lanie\" \/>\n<meta property=\"og:description\" content=\"Learn French in Burgundy, french courses in wine and gastronomy, immersive trips to Burgundy mixing French Classes and visits.\" \/>\n<meta property=\"og:url\" content=\"https:\/\/www.frenchbymelanie.com\/en\/contact\/\" \/>\n<meta property=\"og:site_name\" content=\"French By M\u00e9lanie\" \/>\n<meta property=\"article:publisher\" content=\"https:\/\/www.facebook.com\/Myfrenchtour\/\" \/>\n<meta property=\"article:modified_time\" content=\"2021-08-10T14:55:26+00:00\" \/>\n<meta property=\"og:image\" content=\"https:\/\/www.frenchbymelanie.com\/wp-content\/uploads\/2020\/03\/Tours-dans-le-vignoble-et-Sejours-linguistiques-en-Bourgogne7-scaled.jpg\" \/>\n\t<meta property=\"og:image:width\" content=\"1600\" \/>\n\t<meta property=\"og:image:height\" content=\"1067\" \/>\n<meta name=\"twitter:card\" content=\"summary_large_image\" \/>\n<meta name=\"twitter:label1\" content=\"Est. reading time\" \/>\n\t<meta name=\"twitter:data1\" content=\"7 minutes\" \/>\n<script type=\"application\/ld+json\" class=\"yoast-schema-graph\">{\"@context\":\"https:\/\/schema.org\",\"@graph\":[{\"@type\":\"WebSite\",\"@id\":\"https:\/\/www.frenchbymelanie.com\/#website\",\"url\":\"https:\/\/www.frenchbymelanie.com\/\",\"name\":\"French By M\\u00e9lanie\",\"description\":\"Cours de fran\\u00e7ais et s\\u00e9jours linguistiques en Bourgogne\",\"potentialAction\":[{\"@type\":\"SearchAction\",\"target\":{\"@type\":\"EntryPoint\",\"urlTemplate\":\"https:\/\/www.frenchbymelanie.com\/?s={search_term_string}\"},\"query-input\":\"required name=search_term_string\"}],\"inLanguage\":\"en-US\"},{\"@type\":\"ImageObject\",\"@id\":\"https:\/\/www.frenchbymelanie.com\/en\/contact\/#primaryimage\",\"inLanguage\":\"en-US\",\"url\":\"https:\/\/www.frenchbymelanie.com\/wp-content\/uploads\/2020\/03\/Tours-dans-le-vignoble-et-Sejours-linguistiques-en-Bourgogne7-scaled.jpg\",\"contentUrl\":\"https:\/\/www.frenchbymelanie.com\/wp-content\/uploads\/2020\/03\/Tours-dans-le-vignoble-et-Sejours-linguistiques-en-Bourgogne7-scaled.jpg\",\"width\":1600,\"height\":1067},{\"@type\":\"WebPage\",\"@id\":\"https:\/\/www.frenchbymelanie.com\/en\/contact\/#webpage\",\"url\":\"https:\/\/www.frenchbymelanie.com\/en\/contact\/\",\"name\":\"Contact - French By M\\u00e9lanie\",\"isPartOf\":{\"@id\":\"https:\/\/www.frenchbymelanie.com\/#website\"},\"primaryImageOfPage\":{\"@id\":\"https:\/\/www.frenchbymelanie.com\/en\/contact\/#primaryimage\"},\"datePublished\":\"2020-04-27T08:10:51+00:00\",\"dateModified\":\"2021-08-10T14:55:26+00:00\",\"description\":\"Learn French in Burgundy, french courses in wine and gastronomy, immersive trips to Burgundy mixing French Classes and visits.\",\"breadcrumb\":{\"@id\":\"https:\/\/www.frenchbymelanie.com\/en\/contact\/#breadcrumb\"},\"inLanguage\":\"en-US\",\"potentialAction\":[{\"@type\":\"ReadAction\",\"target\":[\"https:\/\/www.frenchbymelanie.com\/en\/contact\/\"]}]},{\"@type\":\"BreadcrumbList\",\"@id\":\"https:\/\/www.frenchbymelanie.com\/en\/contact\/#breadcrumb\",\"itemListElement\":[{\"@type\":\"ListItem\",\"position\":1,\"name\":\"Accueil\",\"item\":\"https:\/\/www.frenchbymelanie.com\/en\/\"},{\"@type\":\"ListItem\",\"position\":2,\"name\":\"Contact\"}]}]}<\/script>\n<!-- \/ Yoast SEO plugin. -->","yoast_head_json":{"title":"Contact - French By M\u00e9lanie","description":"Learn French in Burgundy, french courses in wine and gastronomy, immersive trips to Burgundy mixing French Classes and visits.","robots":{"index":"index","follow":"follow","max-snippet":"max-snippet:-1","max-image-preview":"max-image-preview:large","max-video-preview":"max-video-preview:-1"},"canonical":"https:\/\/www.frenchbymelanie.com\/en\/contact\/","og_locale":"en_US","og_type":"article","og_title":"Contact - French By M\u00e9lanie","og_description":"Learn French in Burgundy, french courses in wine and gastronomy, immersive trips to Burgundy mixing French Classes and visits.","og_url":"https:\/\/www.frenchbymelanie.com\/en\/contact\/","og_site_name":"French By M\u00e9lanie","article_publisher":"https:\/\/www.facebook.com\/Myfrenchtour\/","article_modified_time":"2021-08-10T14:55:26+00:00","og_image":[{"width":1600,"height":1067,"url":"https:\/\/www.frenchbymelanie.com\/wp-content\/uploads\/2020\/03\/Tours-dans-le-vignoble-et-Sejours-linguistiques-en-Bourgogne7-scaled.jpg","path":"\/home\/frencha\/www\/wp-content\/uploads\/2020\/03\/Tours-dans-le-vignoble-et-Sejours-linguistiques-en-Bourgogne7-scaled.jpg","size":"full","id":870,"alt":"","pixels":1707200,"type":"image\/jpeg"}],"twitter_card":"summary_large_image","twitter_misc":{"Est. reading time":"7 minutes"},"schema":{"@context":"https:\/\/schema.org","@graph":[{"@type":"WebSite","@id":"https:\/\/www.frenchbymelanie.com\/#website","url":"https:\/\/www.frenchbymelanie.com\/","name":"French By M\u00e9lanie","description":"Cours de fran\u00e7ais et s\u00e9jours linguistiques en Bourgogne","potentialAction":[{"@type":"SearchAction","target":{"@type":"EntryPoint","urlTemplate":"https:\/\/www.frenchbymelanie.com\/?s={search_term_string}"},"query-input":"required name=search_term_string"}],"inLanguage":"en-US"},{"@type":"ImageObject","@id":"https:\/\/www.frenchbymelanie.com\/en\/contact\/#primaryimage","inLanguage":"en-US","url":"https:\/\/www.frenchbymelanie.com\/wp-content\/uploads\/2020\/03\/Tours-dans-le-vignoble-et-Sejours-linguistiques-en-Bourgogne7-scaled.jpg","contentUrl":"https:\/\/www.frenchbymelanie.com\/wp-content\/uploads\/2020\/03\/Tours-dans-le-vignoble-et-Sejours-linguistiques-en-Bourgogne7-scaled.jpg","width":1600,"height":1067},{"@type":"WebPage","@id":"https:\/\/www.frenchbymelanie.com\/en\/contact\/#webpage","url":"https:\/\/www.frenchbymelanie.com\/en\/contact\/","name":"Contact - French By M\u00e9lanie","isPartOf":{"@id":"https:\/\/www.frenchbymelanie.com\/#website"},"primaryImageOfPage":{"@id":"https:\/\/www.frenchbymelanie.com\/en\/contact\/#primaryimage"},"datePublished":"2020-04-27T08:10:51+00:00","dateModified":"2021-08-10T14:55:26+00:00","description":"Learn French in Burgundy, french courses in wine and gastronomy, immersive trips to Burgundy mixing French Classes and visits.","breadcrumb":{"@id":"https:\/\/www.frenchbymelanie.com\/en\/contact\/#breadcrumb"},"inLanguage":"en-US","potentialAction":[{"@type":"ReadAction","target":["https:\/\/www.frenchbymelanie.com\/en\/contact\/"]}]},{"@type":"BreadcrumbList","@id":"https:\/\/www.frenchbymelanie.com\/en\/contact\/#breadcrumb","itemListElement":[{"@type":"ListItem","position":1,"name":"Accueil","item":"https:\/\/www.frenchbymelanie.com\/en\/"},{"@type":"ListItem","position":2,"name":"Contact"}]}]}},"_links":{"self":[{"href":"https:\/\/www.frenchbymelanie.com\/en\/wp-json\/wp\/v2\/pages\/914"}],"collection":[{"href":"https:\/\/www.frenchbymelanie.com\/en\/wp-json\/wp\/v2\/pages"}],"about":[{"href":"https:\/\/www.frenchbymelanie.com\/en\/wp-json\/wp\/v2\/types\/page"}],"author":[{"embeddable":true,"href":"https:\/\/www.frenchbymelanie.com\/en\/wp-json\/wp\/v2\/users\/1"}],"replies":[{"embeddable":true,"href":"https:\/\/www.frenchbymelanie.com\/en\/wp-json\/wp\/v2\/comments?post=914"}],"version-history":[{"count":11,"href":"https:\/\/www.frenchbymelanie.com\/en\/wp-json\/wp\/v2\/pages\/914\/revisions"}],"predecessor-version":[{"id":1916,"href":"https:\/\/www.frenchbymelanie.com\/en\/wp-json\/wp\/v2\/pages\/914\/revisions\/1916"}],"wp:featuredmedia":[{"embeddable":true,"href":"https:\/\/www.frenchbymelanie.com\/en\/wp-json\/wp\/v2\/media\/870"}],"wp:attachment":[{"href":"https:\/\/www.frenchbymelanie.com\/en\/wp-json\/wp\/v2\/media?parent=914"}],"curies":[{"name":"wp","href":"https:\/\/api.w.org\/{rel}","templated":true}]}}