{"id":1416,"date":"2020-05-14T12:24:00","date_gmt":"2020-05-14T10:24:00","guid":{"rendered":"http:\/\/frenchbymelanie.com\/the-concept\/"},"modified":"2021-03-25T21:21:50","modified_gmt":"2021-03-25T20:21:50","slug":"the-concept","status":"publish","type":"page","link":"https:\/\/www.frenchbymelanie.com\/en\/the-concept\/","title":{"rendered":"The concept"},"content":{"rendered":"<p>[et_pb_section fb_built=&#8221;1&#8243; fullwidth=&#8221;on&#8221; admin_label=&#8221;Section titre&#8221; _builder_version=&#8221;4.4.0&#8243; bottom_divider_style=&#8221;waves2&#8243; bottom_divider_color=&#8221;#ffffff&#8221; bottom_divider_height=&#8221;36px&#8221; bottom_divider_flip=&#8221;horizontal|vertical&#8221;][et_pb_fullwidth_header title=&#8221;@ET-DC@eyJkeW5hbWljIjp0cnVlLCJjb250ZW50IjoicG9zdF90aXRsZSIsInNldHRpbmdzIjp7ImJlZm9yZSI6IiIsImFmdGVyIjoiIn19@&#8221; background_overlay_color=&#8221;rgba(3,51,69,0)30&#8243; _builder_version=&#8221;4.9.2&#8243; _dynamic_attributes=&#8221;title&#8221; title_font=&#8221;Otama-ep|||on|||||&#8221; content_font=&#8221;|600|||||||&#8221; background_image=&#8221;http:\/\/frenchbymelanie.com\/wp-content\/uploads\/2020\/03\/Tours-dans-le-vignoble-et-Sejours-linguistiques-en-Bourgogne1-scaled.jpg&#8221; custom_padding=&#8221;||78px|||&#8221;]<\/p>\n<p>&#8211; French By M\u00e9lanie &#8211;<\/p>\n<p>[\/et_pb_fullwidth_header][\/et_pb_section][et_pb_section fb_built=&#8221;1&#8243; _builder_version=&#8221;4.4.0&#8243;][et_pb_row column_structure=&#8221;1_2,1_2&#8243; _builder_version=&#8221;4.4.0&#8243;][et_pb_column type=&#8221;1_2&#8243; _builder_version=&#8221;4.4.0&#8243;][et_pb_text _builder_version=&#8221;4.4.0&#8243; text_line_height=&#8221;2em&#8221; link_font=&#8221;||||||||&#8221; ul_font=&#8221;||||||||&#8221; ol_font=&#8221;||||||||&#8221; quote_font=&#8221;||||||||&#8221; header_font=&#8221;||||||||&#8221; header_text_align=&#8221;center&#8221; header_2_font_size=&#8221;44px&#8221; header_2_line_height=&#8221;1.5em&#8221; header_3_font=&#8221;||||||||&#8221; max_width=&#8221;600px&#8221; max_width_tablet=&#8221;&#8221; max_width_phone=&#8221;&#8221; max_width_last_edited=&#8221;on|phone&#8221; module_alignment=&#8221;center&#8221; custom_margin=&#8221;|||188px||&#8221; custom_padding=&#8221;|||&#8221; header_2_font_size_tablet=&#8221;&#8221; header_2_font_size_phone=&#8221;34px&#8221; header_2_font_size_last_edited=&#8221;on|phone&#8221;]<\/p>\n<h3>It&#8217;s simple! I invite you to live an experience&#8230; cultural, gastronomic, and <em>so French!<\/em><\/h3>\n<p>I take you to discover <em>my<\/em> Burgundy, my culture and its way of life. At the wheel of my 2cv, from my classroom, or to the maze of streets, I take you to meet the artisans of gastronomy and wine in Burgundy. Those that make you dream, and those who will surprise you with their authenticity.<\/p>\n<p>[\/et_pb_text][\/et_pb_column][et_pb_column type=&#8221;1_2&#8243; _builder_version=&#8221;4.4.0&#8243;][et_pb_video src=&#8221;https:\/\/www.youtube.com\/watch?v=pBYRnITegdk&#8221; image_src=&#8221;http:\/\/frenchbymelanie.com\/wp-content\/uploads\/2020\/03\/Tours-dans-le-vignoble-et-Sejours-linguistiques-en-Bourgogne6-scaled.jpg&#8221; thumbnail_overlay_color=&#8221;rgba(0,0,0,0.6)&#8221; _builder_version=&#8221;4.4.0&#8243; custom_margin=&#8221;|-125px|6px|||&#8221; custom_margin_tablet=&#8221;|||&#8221; custom_margin_last_edited=&#8221;off|desktop&#8221; animation_style=&#8221;slide&#8221; animation_direction=&#8221;left&#8221; animation_intensity_slide=&#8221;5{16b52867b1b007f393268916115a68a18b4939e5ceffec6e6cb94c43188abedf}&#8221; border_radii=&#8221;||3px|3px|&#8221; box_shadow_style=&#8221;preset2&#8243; box_shadow_horizontal=&#8221;33px&#8221; box_shadow_vertical=&#8221;52px&#8221; box_shadow_blur=&#8221;80px&#8221; box_shadow_color=&#8221;rgba(0,36,73,0.07)&#8221; locked=&#8221;off&#8221;][\/et_pb_video][\/et_pb_column][\/et_pb_row][\/et_pb_section][et_pb_section fb_built=&#8221;1&#8243; admin_label=&#8221;Travel History&#8221; _builder_version=&#8221;4.4.5&#8243; use_background_color_gradient=&#8221;on&#8221; background_color_gradient_start=&#8221;#ffffff&#8221; background_color_gradient_end=&#8221;rgba(255,255,255,0)&#8221; background_color_gradient_end_position=&#8221;50{16b52867b1b007f393268916115a68a18b4939e5ceffec6e6cb94c43188abedf}&#8221; background_color_gradient_overlays_image=&#8221;on&#8221; background_image=&#8221;http:\/\/frenchbymelanie.com\/wp-content\/uploads\/2020\/03\/My-French-Tour-Tours-dans-le-vignoble-et-Sejours-linguistiques-en-Bourgogne6-scaled.jpeg&#8221; custom_padding=&#8221;0px|0px|257px|0px|false|false&#8221;][et_pb_row _builder_version=&#8221;4.4.0&#8243;][et_pb_column type=&#8221;4_4&#8243; _builder_version=&#8221;4.4.0&#8243;][et_pb_text _builder_version=&#8221;4.4.0&#8243; custom_margin=&#8221;82px|||||&#8221; custom_padding=&#8221;0px|||||&#8221;]<\/p>\n<h4 style=\"text-align: center\"><span style=\"color: #033345\">My French Tour is an invitation to live an<a href=\"\/les-experiences\/\" style=\"color: #033345\"> <em> experience<\/em><\/p>\n<p><\/a> <\/span><br \/><span style=\"color: #033345\">that makes sense of your journey.<\/span><\/h4>\n<p>[\/et_pb_text][\/et_pb_column][\/et_pb_row][\/et_pb_section][et_pb_section fb_built=&#8221;1&#8243; admin_label=&#8221;My Story&#8221; _builder_version=&#8221;3.22&#8243; custom_padding=&#8221;|||&#8221;][et_pb_row column_structure=&#8221;1_4,1_4,1_2&#8243; use_custom_gutter=&#8221;on&#8221; disabled_on=&#8221;off|off|off&#8221; _builder_version=&#8221;3.25&#8243; width=&#8221;100{16b52867b1b007f393268916115a68a18b4939e5ceffec6e6cb94c43188abedf}&#8221; max_width=&#8221;100{16b52867b1b007f393268916115a68a18b4939e5ceffec6e6cb94c43188abedf}&#8221; custom_padding=&#8221;|||&#8221; use_custom_width=&#8221;on&#8221; width_unit=&#8221;off&#8221; custom_width_percent=&#8221;100{16b52867b1b007f393268916115a68a18b4939e5ceffec6e6cb94c43188abedf}&#8221;][et_pb_column type=&#8221;1_4&#8243; _builder_version=&#8221;3.25&#8243; custom_padding=&#8221;100px|||&#8221; custom_padding__hover=&#8221;|||&#8221;][et_pb_image src=&#8221;http:\/\/frenchbymelanie.com\/wp-content\/uploads\/2020\/03\/My-French-Tour-Tours-dans-le-vignoble-et-Sejours-linguistiques-en-Bourgogne16.jpg&#8221; force_fullwidth=&#8221;on&#8221; align_tablet=&#8221;center&#8221; align_phone=&#8221;&#8221; align_last_edited=&#8221;on|desktop&#8221; _builder_version=&#8221;4.4.0&#8243; max_width_last_edited=&#8221;off|desktop&#8221; module_alignment=&#8221;left&#8221; custom_margin=&#8221;371px|||||&#8221; custom_margin_tablet=&#8221;0px|||&#8221; custom_margin_last_edited=&#8221;off|desktop&#8221; filter_opacity=&#8221;45{16b52867b1b007f393268916115a68a18b4939e5ceffec6e6cb94c43188abedf}&#8221; animation_style=&#8221;slide&#8221; animation_direction=&#8221;top&#8221; animation_intensity_slide=&#8221;1{16b52867b1b007f393268916115a68a18b4939e5ceffec6e6cb94c43188abedf}&#8221;][\/et_pb_image][\/et_pb_column][et_pb_column type=&#8221;1_4&#8243; _builder_version=&#8221;3.25&#8243; custom_padding=&#8221;|||&#8221; custom_padding__hover=&#8221;|||&#8221;][et_pb_image src=&#8221;http:\/\/frenchbymelanie.com\/wp-content\/uploads\/2020\/03\/Guide-touristique-bourgogne-Web.png&#8221; title_text=&#8221;Burgundy-Web tour guide&#8221; force_fullwidth=&#8221;on&#8221; align_tablet=&#8221;center&#8221; align_phone=&#8221;&#8221; align_last_edited=&#8221;on|desktop&#8221; _builder_version=&#8221;4.4.5&#8243; max_width_last_edited=&#8221;off|desktop&#8221; module_alignment=&#8221;left&#8221; custom_margin=&#8221;|||&#8221; animation_style=&#8221;slide&#8221; animation_direction=&#8221;bottom&#8221; animation_intensity_slide=&#8221;6{16b52867b1b007f393268916115a68a18b4939e5ceffec6e6cb94c43188abedf}&#8221; box_shadow_style=&#8221;preset1&#8243; box_shadow_vertical=&#8221;52px&#8221; box_shadow_blur=&#8221;80px&#8221; box_shadow_color=&#8221;rgba(0,36,73,0.07)&#8221;][\/et_pb_image][\/et_pb_column][et_pb_column type=&#8221;1_2&#8243; _builder_version=&#8221;3.25&#8243; custom_padding=&#8221;100px|100px||&#8221; custom_padding_tablet=&#8221;10{16b52867b1b007f393268916115a68a18b4939e5ceffec6e6cb94c43188abedf}|10{16b52867b1b007f393268916115a68a18b4939e5ceffec6e6cb94c43188abedf}||10{16b52867b1b007f393268916115a68a18b4939e5ceffec6e6cb94c43188abedf}||true&#8221; custom_padding_phone=&#8221;&#8221; custom_padding_last_edited=&#8221;on|tablet&#8221; custom_padding__hover=&#8221;|||&#8221;][et_pb_text _builder_version=&#8221;4.4.0&#8243; text_line_height=&#8221;2em&#8221; link_font=&#8221;||||||||&#8221; ul_font=&#8221;||||||||&#8221; ol_font=&#8221;||||||||&#8221; quote_font=&#8221;||||||||&#8221; header_font=&#8221;||||||||&#8221; header_text_align=&#8221;center&#8221; header_2_font_size=&#8221;44px&#8221; header_2_line_height=&#8221;1.5em&#8221; header_3_font=&#8221;||||||||&#8221; max_width=&#8221;600px&#8221; max_width_tablet=&#8221;&#8221; max_width_phone=&#8221;&#8221; max_width_last_edited=&#8221;on|phone&#8221; module_alignment=&#8221;center&#8221; custom_margin=&#8221;|||188px||&#8221; custom_padding=&#8221;|||&#8221; header_2_font_size_tablet=&#8221;&#8221; header_2_font_size_phone=&#8221;34px&#8221; header_2_font_size_last_edited=&#8221;on|phone&#8221;]<\/p>\n<h2>Who is behind My French Tour?<\/h2>\n<p>I&#8217;m Melanie. I&#8217;m Burgundy. Like good rum, I traveled and became a French teacher for foreigners. An opportunity for me to travel a little every day.<br \/> In fine weather, when the Burgundy fog rises, I escape from my classroom. At the wheel of my 2cv, I invite the epicureans to take the path of the vineyards, hair to the winds, for a slow journey on the burgundy wine route. And that&#8217;s how between a French lesson and a country picnic in the middle of the vineyards, the magic works: that of <em>the French<\/em>way of life.<\/p>\n<p><strong>My 2cv: <\/strong>a 1986 car that I completely renovated. An adventure that lasted almost 2 years before being able to ride freely.<\/p>\n<p><strong>My little moments of happiness:<\/strong> take the small country roads behind the wheel of my 2cv, when the hour of the aperitif rings, pick up cheese to finish my bread, watch the sunset on the vines, hear my foreign students exclaim <em>Oh la la!<\/em> with a perfect accent, have tea in my pastry shop at lunchtime, hear a million people say &#8220;oooh was my first car!&#8221; &#8230;<span style=\"font-size: 18px\"><br \/><\/span><strong style=\"font-size: 18px\">My favorite wine:<\/strong> <span style=\"font-size: 18px\"> if there was only one&#8230; <br \/> <\/span> <strong style=\"font-size: 18px\">My favorite cheese:<\/strong> <span style=\"font-size: 18px\"> Epoisse <br \/> of course. <strong>My favorite pastry:<\/strong> the chocolate tart from <br \/> my favorite pastry chef.<\/span> <strong style=\"font-size: 18px\">Spoken languages:<\/strong> <span style=\"font-size: 18px\"> French, English, Spanish.<\/span><\/p>\n<p><span style=\"font-size: 18px\"><strong>My favorite proverb: <\/strong><span><em>It&#8217;s not the destination but the path that counts! (And with an old lady like my 2cv, it makes perfect sense &#8230; \ud83d\ude09 <\/em><\/span><\/span><\/p>\n<p><span style=\"font-size: 18px\"><\/span><\/p>\n<p>&nbsp;<\/p>\n<p>[\/et_pb_text][\/et_pb_column][\/et_pb_row][\/et_pb_section][et_pb_section fb_built=&#8221;1&#8243; prev_background_color=&#8221;#ffffff&#8221; admin_label=&#8221;CTA Section&#8221; _builder_version=&#8221;4.4.5&#8243; background_color=&#8221;rgba(3,51,69,0.3)&#8221; use_background_color_gradient=&#8221;on&#8221; background_color_gradient_start=&#8221;rgba(249,242,232,0)&#8221; background_color_gradient_end=&#8221;#033345&#8243; background_image=&#8221;http:\/\/frenchbymelanie.com\/wp-content\/uploads\/2020\/03\/My-French-Tour-Tours-dans-le-vignoble-et-Sejours-linguistiques-en-Bourgogne4-scaled.jpeg&#8221; background_blend=&#8221;multiply&#8221; custom_padding=&#8221;130px||132px||false|&#8221; top_divider_style=&#8221;waves2&#8243; top_divider_height=&#8221;70px&#8221; top_divider_repeat=&#8221;1x&#8221;][et_pb_row column_structure=&#8221;2_3,1_3&#8243; admin_label=&#8221;CTA Area&#8221; _builder_version=&#8221;4.4.1&#8243; locked=&#8221;off&#8221;][et_pb_column type=&#8221;2_3&#8243; _builder_version=&#8221;3.25&#8243; custom_padding=&#8221;|||&#8221; custom_padding__hover=&#8221;|||&#8221;][et_pb_text _builder_version=&#8221;4.4.1&#8243; text_font=&#8221;||||||||&#8221; text_font_size=&#8221;43px&#8221; text_line_height=&#8221;1em&#8221; text_orientation=&#8221;center&#8221; background_layout=&#8221;dark&#8221; module_alignment=&#8221;center&#8221; custom_padding=&#8221;||20px|&#8221; animation_style=&#8221;flip&#8221; animation_intensity_flip=&#8221;20{16b52867b1b007f393268916115a68a18b4939e5ceffec6e6cb94c43188abedf}&#8221; animation_starting_opacity=&#8221;200{16b52867b1b007f393268916115a68a18b4939e5ceffec6e6cb94c43188abedf}&#8221; text_font_size_tablet=&#8221;39px&#8221; text_font_size_phone=&#8221;36px&#8221; text_font_size_last_edited=&#8221;on|desktop&#8221; text_text_shadow_style=&#8221;preset3&#8243;]<\/p>\n<p><strong>Book your unusual experience<\/strong>\u00a0<strong>!<\/strong><\/p>\n<p>[\/et_pb_text][\/et_pb_column][et_pb_column type=&#8221;1_3&#8243; _builder_version=&#8221;3.25&#8243; custom_padding=&#8221;|||&#8221; custom_padding__hover=&#8221;|||&#8221;][et_pb_button button_url=&#8221;\/en\/contact\/&#8221; button_text=&#8221;Contact&#8221; button_alignment=&#8221;center&#8221; _builder_version=&#8221;4.9.2&#8243; animation_style=&#8221;fade&#8221; hover_enabled=&#8221;0&#8243; button_letter_spacing_hover=&#8221;0&#8243; button_text_size__hover_enabled=&#8221;off&#8221; button_one_text_size__hover_enabled=&#8221;off&#8221; button_two_text_size__hover_enabled=&#8221;off&#8221; button_text_color__hover_enabled=&#8221;off&#8221; button_one_text_color__hover_enabled=&#8221;off&#8221; button_two_text_color__hover_enabled=&#8221;off&#8221; button_border_width__hover_enabled=&#8221;off&#8221; button_one_border_width__hover_enabled=&#8221;off&#8221; button_two_border_width__hover_enabled=&#8221;off&#8221; button_border_color__hover_enabled=&#8221;off&#8221; button_one_border_color__hover_enabled=&#8221;off&#8221; button_two_border_color__hover_enabled=&#8221;off&#8221; button_border_radius__hover_enabled=&#8221;off&#8221; button_one_border_radius__hover_enabled=&#8221;off&#8221; button_two_border_radius__hover_enabled=&#8221;off&#8221; button_letter_spacing__hover_enabled=&#8221;on&#8221; button_letter_spacing__hover=&#8221;0&#8243; button_one_letter_spacing__hover_enabled=&#8221;off&#8221; button_two_letter_spacing__hover_enabled=&#8221;off&#8221; button_bg_color__hover_enabled=&#8221;off&#8221; button_one_bg_color__hover_enabled=&#8221;off&#8221; button_two_bg_color__hover_enabled=&#8221;off&#8221; sticky_enabled=&#8221;0&#8243;][\/et_pb_button][\/et_pb_column][\/et_pb_row][\/et_pb_section]<\/p>\n","protected":false},"excerpt":{"rendered":"<p>&#8211; French By M\u00e9lanie &#8211; &#x22; It&#8217;s simple! I invite you to live an experience&#8230; cultural, gastronomic, and so French! I take you to discover my Burgundy, my culture and its way of life. At the wheel of my 2cv, from my classroom, or to the maze of streets, I take you to meet the [&hellip;]<\/p>\n","protected":false},"author":2,"featured_media":864,"parent":0,"menu_order":0,"comment_status":"closed","ping_status":"closed","template":"","meta":{"_et_pb_use_builder":"on","_et_pb_old_content":"","_et_gb_content_width":""},"yoast_head":"<!-- This site is optimized with the Yoast SEO plugin v16.9 - https:\/\/yoast.com\/wordpress\/plugins\/seo\/ -->\n<title>Discover the concept of a 2v-shaped tour on the Burgundy Wine Route.<\/title>\n<meta name=\"description\" content=\"Tours in 2cv on the Burgundy wine route and wine tours. A specialist in French wine and gastronomy, My French Tour also organises your language trip to Burgundy.\" \/>\n<meta name=\"robots\" content=\"index, follow, max-snippet:-1, max-image-preview:large, max-video-preview:-1\" \/>\n<link rel=\"canonical\" href=\"https:\/\/www.frenchbymelanie.com\/en\/the-concept\/\" \/>\n<meta property=\"og:locale\" content=\"en_US\" \/>\n<meta property=\"og:type\" content=\"article\" \/>\n<meta property=\"og:title\" content=\"Discover the concept of a 2v-shaped tour on the Burgundy Wine Route.\" \/>\n<meta property=\"og:description\" content=\"Tours in 2cv on the Burgundy wine route and wine tours. A specialist in French wine and gastronomy, My French Tour also organises your language trip to Burgundy.\" \/>\n<meta property=\"og:url\" content=\"https:\/\/www.frenchbymelanie.com\/en\/the-concept\/\" \/>\n<meta property=\"og:site_name\" content=\"French By M\u00e9lanie\" \/>\n<meta property=\"article:publisher\" content=\"https:\/\/www.facebook.com\/Myfrenchtour\/\" \/>\n<meta property=\"article:modified_time\" content=\"2021-03-25T20:21:50+00:00\" \/>\n<meta property=\"og:image\" content=\"https:\/\/www.frenchbymelanie.com\/wp-content\/uploads\/2020\/03\/Tours-dans-le-vignoble-et-Sejours-linguistiques-en-Bourgogne1-scaled.jpg\" \/>\n\t<meta property=\"og:image:width\" content=\"1600\" \/>\n\t<meta property=\"og:image:height\" content=\"1067\" \/>\n<meta name=\"twitter:card\" content=\"summary_large_image\" \/>\n<meta name=\"twitter:label1\" content=\"Est. reading time\" \/>\n\t<meta name=\"twitter:data1\" content=\"8 minutes\" \/>\n<script type=\"application\/ld+json\" class=\"yoast-schema-graph\">{\"@context\":\"https:\/\/schema.org\",\"@graph\":[{\"@type\":\"WebSite\",\"@id\":\"https:\/\/www.frenchbymelanie.com\/#website\",\"url\":\"https:\/\/www.frenchbymelanie.com\/\",\"name\":\"French By M\\u00e9lanie\",\"description\":\"Cours de fran\\u00e7ais et s\\u00e9jours linguistiques en Bourgogne\",\"potentialAction\":[{\"@type\":\"SearchAction\",\"target\":{\"@type\":\"EntryPoint\",\"urlTemplate\":\"https:\/\/www.frenchbymelanie.com\/?s={search_term_string}\"},\"query-input\":\"required name=search_term_string\"}],\"inLanguage\":\"en-US\"},{\"@type\":\"ImageObject\",\"@id\":\"https:\/\/www.frenchbymelanie.com\/en\/the-concept\/#primaryimage\",\"inLanguage\":\"en-US\",\"url\":\"https:\/\/www.frenchbymelanie.com\/wp-content\/uploads\/2020\/03\/Tours-dans-le-vignoble-et-Sejours-linguistiques-en-Bourgogne1-scaled.jpg\",\"contentUrl\":\"https:\/\/www.frenchbymelanie.com\/wp-content\/uploads\/2020\/03\/Tours-dans-le-vignoble-et-Sejours-linguistiques-en-Bourgogne1-scaled.jpg\",\"width\":1600,\"height\":1067},{\"@type\":\"WebPage\",\"@id\":\"https:\/\/www.frenchbymelanie.com\/en\/the-concept\/#webpage\",\"url\":\"https:\/\/www.frenchbymelanie.com\/en\/the-concept\/\",\"name\":\"Discover the concept of a 2v-shaped tour on the Burgundy Wine Route.\",\"isPartOf\":{\"@id\":\"https:\/\/www.frenchbymelanie.com\/#website\"},\"primaryImageOfPage\":{\"@id\":\"https:\/\/www.frenchbymelanie.com\/en\/the-concept\/#primaryimage\"},\"datePublished\":\"2020-05-14T10:24:00+00:00\",\"dateModified\":\"2021-03-25T20:21:50+00:00\",\"description\":\"Tours in 2cv on the Burgundy wine route and wine tours. A specialist in French wine and gastronomy, My French Tour also organises your language trip to Burgundy.\",\"breadcrumb\":{\"@id\":\"https:\/\/www.frenchbymelanie.com\/en\/the-concept\/#breadcrumb\"},\"inLanguage\":\"en-US\",\"potentialAction\":[{\"@type\":\"ReadAction\",\"target\":[\"https:\/\/www.frenchbymelanie.com\/en\/the-concept\/\"]}]},{\"@type\":\"BreadcrumbList\",\"@id\":\"https:\/\/www.frenchbymelanie.com\/en\/the-concept\/#breadcrumb\",\"itemListElement\":[{\"@type\":\"ListItem\",\"position\":1,\"name\":\"Accueil\",\"item\":\"https:\/\/www.frenchbymelanie.com\/en\/\"},{\"@type\":\"ListItem\",\"position\":2,\"name\":\"The concept\"}]}]}<\/script>\n<!-- \/ Yoast SEO plugin. -->","yoast_head_json":{"title":"Discover the concept of a 2v-shaped tour on the Burgundy Wine Route.","description":"Tours in 2cv on the Burgundy wine route and wine tours. A specialist in French wine and gastronomy, My French Tour also organises your language trip to Burgundy.","robots":{"index":"index","follow":"follow","max-snippet":"max-snippet:-1","max-image-preview":"max-image-preview:large","max-video-preview":"max-video-preview:-1"},"canonical":"https:\/\/www.frenchbymelanie.com\/en\/the-concept\/","og_locale":"en_US","og_type":"article","og_title":"Discover the concept of a 2v-shaped tour on the Burgundy Wine Route.","og_description":"Tours in 2cv on the Burgundy wine route and wine tours. A specialist in French wine and gastronomy, My French Tour also organises your language trip to Burgundy.","og_url":"https:\/\/www.frenchbymelanie.com\/en\/the-concept\/","og_site_name":"French By M\u00e9lanie","article_publisher":"https:\/\/www.facebook.com\/Myfrenchtour\/","article_modified_time":"2021-03-25T20:21:50+00:00","og_image":[{"width":1600,"height":1067,"url":"https:\/\/www.frenchbymelanie.com\/wp-content\/uploads\/2020\/03\/Tours-dans-le-vignoble-et-Sejours-linguistiques-en-Bourgogne1-scaled.jpg","path":"\/home\/frencha\/www\/wp-content\/uploads\/2020\/03\/Tours-dans-le-vignoble-et-Sejours-linguistiques-en-Bourgogne1-scaled.jpg","size":"full","id":864,"alt":"","pixels":1707200,"type":"image\/jpeg"}],"twitter_card":"summary_large_image","twitter_misc":{"Est. reading time":"8 minutes"},"schema":{"@context":"https:\/\/schema.org","@graph":[{"@type":"WebSite","@id":"https:\/\/www.frenchbymelanie.com\/#website","url":"https:\/\/www.frenchbymelanie.com\/","name":"French By M\u00e9lanie","description":"Cours de fran\u00e7ais et s\u00e9jours linguistiques en Bourgogne","potentialAction":[{"@type":"SearchAction","target":{"@type":"EntryPoint","urlTemplate":"https:\/\/www.frenchbymelanie.com\/?s={search_term_string}"},"query-input":"required name=search_term_string"}],"inLanguage":"en-US"},{"@type":"ImageObject","@id":"https:\/\/www.frenchbymelanie.com\/en\/the-concept\/#primaryimage","inLanguage":"en-US","url":"https:\/\/www.frenchbymelanie.com\/wp-content\/uploads\/2020\/03\/Tours-dans-le-vignoble-et-Sejours-linguistiques-en-Bourgogne1-scaled.jpg","contentUrl":"https:\/\/www.frenchbymelanie.com\/wp-content\/uploads\/2020\/03\/Tours-dans-le-vignoble-et-Sejours-linguistiques-en-Bourgogne1-scaled.jpg","width":1600,"height":1067},{"@type":"WebPage","@id":"https:\/\/www.frenchbymelanie.com\/en\/the-concept\/#webpage","url":"https:\/\/www.frenchbymelanie.com\/en\/the-concept\/","name":"Discover the concept of a 2v-shaped tour on the Burgundy Wine Route.","isPartOf":{"@id":"https:\/\/www.frenchbymelanie.com\/#website"},"primaryImageOfPage":{"@id":"https:\/\/www.frenchbymelanie.com\/en\/the-concept\/#primaryimage"},"datePublished":"2020-05-14T10:24:00+00:00","dateModified":"2021-03-25T20:21:50+00:00","description":"Tours in 2cv on the Burgundy wine route and wine tours. A specialist in French wine and gastronomy, My French Tour also organises your language trip to Burgundy.","breadcrumb":{"@id":"https:\/\/www.frenchbymelanie.com\/en\/the-concept\/#breadcrumb"},"inLanguage":"en-US","potentialAction":[{"@type":"ReadAction","target":["https:\/\/www.frenchbymelanie.com\/en\/the-concept\/"]}]},{"@type":"BreadcrumbList","@id":"https:\/\/www.frenchbymelanie.com\/en\/the-concept\/#breadcrumb","itemListElement":[{"@type":"ListItem","position":1,"name":"Accueil","item":"https:\/\/www.frenchbymelanie.com\/en\/"},{"@type":"ListItem","position":2,"name":"The concept"}]}]}},"_links":{"self":[{"href":"https:\/\/www.frenchbymelanie.com\/en\/wp-json\/wp\/v2\/pages\/1416"}],"collection":[{"href":"https:\/\/www.frenchbymelanie.com\/en\/wp-json\/wp\/v2\/pages"}],"about":[{"href":"https:\/\/www.frenchbymelanie.com\/en\/wp-json\/wp\/v2\/types\/page"}],"author":[{"embeddable":true,"href":"https:\/\/www.frenchbymelanie.com\/en\/wp-json\/wp\/v2\/users\/2"}],"replies":[{"embeddable":true,"href":"https:\/\/www.frenchbymelanie.com\/en\/wp-json\/wp\/v2\/comments?post=1416"}],"version-history":[{"count":5,"href":"https:\/\/www.frenchbymelanie.com\/en\/wp-json\/wp\/v2\/pages\/1416\/revisions"}],"predecessor-version":[{"id":1881,"href":"https:\/\/www.frenchbymelanie.com\/en\/wp-json\/wp\/v2\/pages\/1416\/revisions\/1881"}],"wp:featuredmedia":[{"embeddable":true,"href":"https:\/\/www.frenchbymelanie.com\/en\/wp-json\/wp\/v2\/media\/864"}],"wp:attachment":[{"href":"https:\/\/www.frenchbymelanie.com\/en\/wp-json\/wp\/v2\/media?parent=1416"}],"curies":[{"name":"wp","href":"https:\/\/api.w.org\/{rel}","templated":true}]}}