{"id":1411,"date":"2020-05-14T12:23:39","date_gmt":"2020-05-14T10:23:39","guid":{"rendered":"http:\/\/frenchbymelanie.com\/the-news\/"},"modified":"2021-03-25T21:59:31","modified_gmt":"2021-03-25T20:59:31","slug":"the-news","status":"publish","type":"page","link":"https:\/\/www.frenchbymelanie.com\/en\/the-news\/","title":{"rendered":"The news"},"content":{"rendered":"<p>[et_pb_section fb_built=&#8221;1&#8243; fullwidth=&#8221;on&#8221; admin_label=&#8221;Section titre&#8221; _builder_version=&#8221;4.4.0&#8243; bottom_divider_style=&#8221;waves2&#8243; bottom_divider_color=&#8221;#ffffff&#8221; bottom_divider_height=&#8221;36px&#8221; bottom_divider_flip=&#8221;horizontal|vertical&#8221;][et_pb_fullwidth_header title=&#8221;@ET-DC@eyJkeW5hbWljIjp0cnVlLCJjb250ZW50IjoicG9zdF90aXRsZSIsInNldHRpbmdzIjp7ImJlZm9yZSI6IiIsImFmdGVyIjoiIn19@&#8221; background_overlay_color=&#8221;rgba(3,51,69,0.3)&#8221; _builder_version=&#8221;4.9.2&#8243; _dynamic_attributes=&#8221;title,background_image&#8221; title_font_size=&#8221;50px&#8221; background_color=&#8221;#033345&#8243; custom_padding=&#8221;||78px|||&#8221; hover_enabled=&#8221;0&#8243; sticky_enabled=&#8221;0&#8243;]<\/p>\n<p>&#8211; French By M\u00e9lanie &#8211;<\/p>\n<p>[\/et_pb_fullwidth_header][\/et_pb_section][et_pb_section fb_built=&#8221;1&#8243; _builder_version=&#8221;3.22&#8243; custom_padding=&#8221;100px|0px|100px|0px|true|false&#8221;][et_pb_row _builder_version=&#8221;4.4.0&#8243;][et_pb_column type=&#8221;4_4&#8243; _builder_version=&#8221;3.25&#8243; custom_padding=&#8221;|||&#8221; custom_padding__hover=&#8221;|||&#8221;][et_pb_blog fullwidth=&#8221;off&#8221; excerpt_length=&#8221;150&#8243; show_more=&#8221;on&#8221; show_author=&#8221;off&#8221; show_date=&#8221;off&#8221; use_overlay=&#8221;on&#8221; hover_overlay_color=&#8221;rgba(116,159,195,0.4)&#8221; hover_icon=&#8221;{16b52867b1b007f393268916115a68a18b4939e5ceffec6e6cb94c43188abedf}{16b52867b1b007f393268916115a68a18b4939e5ceffec6e6cb94c43188abedf}91{16b52867b1b007f393268916115a68a18b4939e5ceffec6e6cb94c43188abedf}{16b52867b1b007f393268916115a68a18b4939e5ceffec6e6cb94c43188abedf}&#8221; _builder_version=&#8221;4.4.0&#8243; border_radii=&#8221;on|16px|16px|16px|16px&#8221; box_shadow_style=&#8221;preset1&#8243;][\/et_pb_blog][\/et_pb_column][\/et_pb_row][\/et_pb_section][et_pb_section fb_built=&#8221;1&#8243; prev_background_color=&#8221;#ffffff&#8221; admin_label=&#8221;CTA Section&#8221; _builder_version=&#8221;4.9.2&#8243; background_color=&#8221;#FFFFFF&#8221; use_background_color_gradient=&#8221;on&#8221; background_color_gradient_start=&#8221;rgba(249,242,232,0)&#8221; background_color_gradient_end=&#8221;#033345&#8243; background_image=&#8221;http:\/\/frenchbymelanie.com\/wp-content\/uploads\/2020\/05\/bonjour-869208_1920-3.jpg&#8221; background_blend=&#8221;multiply&#8221; custom_padding=&#8221;130px||132px||false|&#8221; top_divider_style=&#8221;waves2&#8243; top_divider_height=&#8221;70px&#8221; top_divider_repeat=&#8221;1x&#8221; saved_tabs=&#8221;all&#8221; global_module=&#8221;1882&#8243;][et_pb_row column_structure=&#8221;2_3,1_3&#8243; admin_label=&#8221;CTA Area&#8221; _builder_version=&#8221;4.4.1&#8243; locked=&#8221;off&#8221;][et_pb_column type=&#8221;2_3&#8243; _builder_version=&#8221;3.25&#8243; custom_padding=&#8221;|||&#8221; custom_padding__hover=&#8221;|||&#8221;][et_pb_text _builder_version=&#8221;4.4.5&#8243; text_font=&#8221;||||||||&#8221; text_font_size=&#8221;43px&#8221; text_line_height=&#8221;1em&#8221; text_orientation=&#8221;center&#8221; background_layout=&#8221;dark&#8221; module_alignment=&#8221;center&#8221; custom_padding=&#8221;||20px|&#8221; animation_style=&#8221;flip&#8221; animation_intensity_flip=&#8221;20{16b52867b1b007f393268916115a68a18b4939e5ceffec6e6cb94c43188abedf}&#8221; animation_starting_opacity=&#8221;200{16b52867b1b007f393268916115a68a18b4939e5ceffec6e6cb94c43188abedf}&#8221; text_font_size_tablet=&#8221;39px&#8221; text_font_size_phone=&#8221;36px&#8221; text_font_size_last_edited=&#8221;on|desktop&#8221; text_text_shadow_style=&#8221;preset3&#8243;]<\/p>\n<p><strong>Book your French course <\/strong><strong>!<\/strong><\/p>\n<p>[\/et_pb_text][\/et_pb_column][et_pb_column type=&#8221;1_3&#8243; _builder_version=&#8221;3.25&#8243; custom_padding=&#8221;|||&#8221; custom_padding__hover=&#8221;|||&#8221;][et_pb_button button_url=&#8221;\/en\/contact\/&#8221; button_text=&#8221;Contact&#8221; button_alignment=&#8221;center&#8221; _builder_version=&#8221;4.9.2&#8243; animation_style=&#8221;fade&#8221; button_letter_spacing_hover=&#8221;0&#8243; button_text_size__hover_enabled=&#8221;off&#8221; button_one_text_size__hover_enabled=&#8221;off&#8221; button_two_text_size__hover_enabled=&#8221;off&#8221; button_text_color__hover_enabled=&#8221;off&#8221; button_one_text_color__hover_enabled=&#8221;off&#8221; button_two_text_color__hover_enabled=&#8221;off&#8221; button_border_width__hover_enabled=&#8221;off&#8221; button_one_border_width__hover_enabled=&#8221;off&#8221; button_two_border_width__hover_enabled=&#8221;off&#8221; button_border_color__hover_enabled=&#8221;off&#8221; button_one_border_color__hover_enabled=&#8221;off&#8221; button_two_border_color__hover_enabled=&#8221;off&#8221; button_border_radius__hover_enabled=&#8221;off&#8221; button_one_border_radius__hover_enabled=&#8221;off&#8221; button_two_border_radius__hover_enabled=&#8221;off&#8221; button_letter_spacing__hover_enabled=&#8221;on&#8221; button_letter_spacing__hover=&#8221;0&#8243; button_one_letter_spacing__hover_enabled=&#8221;off&#8221; button_two_letter_spacing__hover_enabled=&#8221;off&#8221; button_bg_color__hover_enabled=&#8221;off&#8221; button_one_bg_color__hover_enabled=&#8221;off&#8221; button_two_bg_color__hover_enabled=&#8221;off&#8221;][\/et_pb_button][\/et_pb_column][\/et_pb_row][\/et_pb_section]<\/p>\n","protected":false},"excerpt":{"rendered":"<p>The news &#8211; French By M\u00e9lanie &#8211; &#x22; No Results Found The page you requested could not be found. Try refining your search, or use the navigation above to locate the post. Book your French course ! Contact<\/p>\n","protected":false},"author":1,"featured_media":885,"parent":0,"menu_order":0,"comment_status":"closed","ping_status":"closed","template":"","meta":{"_et_pb_use_builder":"on","_et_pb_old_content":"","_et_gb_content_width":""},"yoast_head":"<!-- This site is optimized with the Yoast SEO plugin v16.9 - https:\/\/yoast.com\/wordpress\/plugins\/seo\/ -->\n<title>The news - French By M\u00e9lanie<\/title>\n<meta name=\"robots\" content=\"index, follow, max-snippet:-1, max-image-preview:large, max-video-preview:-1\" \/>\n<link rel=\"canonical\" href=\"https:\/\/www.frenchbymelanie.com\/en\/the-news\/\" \/>\n<meta property=\"og:locale\" content=\"en_US\" \/>\n<meta property=\"og:type\" content=\"article\" \/>\n<meta property=\"og:title\" content=\"The news - French By M\u00e9lanie\" \/>\n<meta property=\"og:description\" content=\"The news &#8211; French By M\u00e9lanie &#8211; &#x22; No Results Found The page you requested could not be found. Try refining your search, or use the navigation above to locate the post. Book your French course ! Contact\" \/>\n<meta property=\"og:url\" content=\"https:\/\/www.frenchbymelanie.com\/en\/the-news\/\" \/>\n<meta property=\"og:site_name\" content=\"French By M\u00e9lanie\" \/>\n<meta property=\"article:publisher\" content=\"https:\/\/www.facebook.com\/Myfrenchtour\/\" \/>\n<meta property=\"article:modified_time\" content=\"2021-03-25T20:59:31+00:00\" \/>\n<meta property=\"og:image\" content=\"https:\/\/www.frenchbymelanie.com\/wp-content\/uploads\/2020\/03\/My-French-Tour-Tours-dans-le-vignoble-et-Sejours-linguistiques-en-Bourgogne13.jpg\" \/>\n\t<meta property=\"og:image:width\" content=\"1080\" \/>\n\t<meta property=\"og:image:height\" content=\"1080\" \/>\n<meta name=\"twitter:card\" content=\"summary_large_image\" \/>\n<meta name=\"twitter:label1\" content=\"Est. reading time\" \/>\n\t<meta name=\"twitter:data1\" content=\"3 minutes\" \/>\n<script type=\"application\/ld+json\" class=\"yoast-schema-graph\">{\"@context\":\"https:\/\/schema.org\",\"@graph\":[{\"@type\":\"WebSite\",\"@id\":\"https:\/\/www.frenchbymelanie.com\/#website\",\"url\":\"https:\/\/www.frenchbymelanie.com\/\",\"name\":\"French By M\\u00e9lanie\",\"description\":\"Cours de fran\\u00e7ais et s\\u00e9jours linguistiques en Bourgogne\",\"potentialAction\":[{\"@type\":\"SearchAction\",\"target\":{\"@type\":\"EntryPoint\",\"urlTemplate\":\"https:\/\/www.frenchbymelanie.com\/?s={search_term_string}\"},\"query-input\":\"required name=search_term_string\"}],\"inLanguage\":\"en-US\"},{\"@type\":\"ImageObject\",\"@id\":\"https:\/\/www.frenchbymelanie.com\/en\/the-news\/#primaryimage\",\"inLanguage\":\"en-US\",\"url\":\"https:\/\/www.frenchbymelanie.com\/wp-content\/uploads\/2020\/03\/My-French-Tour-Tours-dans-le-vignoble-et-Sejours-linguistiques-en-Bourgogne13.jpg\",\"contentUrl\":\"https:\/\/www.frenchbymelanie.com\/wp-content\/uploads\/2020\/03\/My-French-Tour-Tours-dans-le-vignoble-et-Sejours-linguistiques-en-Bourgogne13.jpg\",\"width\":1080,\"height\":1080},{\"@type\":\"WebPage\",\"@id\":\"https:\/\/www.frenchbymelanie.com\/en\/the-news\/#webpage\",\"url\":\"https:\/\/www.frenchbymelanie.com\/en\/the-news\/\",\"name\":\"The news - French By M\\u00e9lanie\",\"isPartOf\":{\"@id\":\"https:\/\/www.frenchbymelanie.com\/#website\"},\"primaryImageOfPage\":{\"@id\":\"https:\/\/www.frenchbymelanie.com\/en\/the-news\/#primaryimage\"},\"datePublished\":\"2020-05-14T10:23:39+00:00\",\"dateModified\":\"2021-03-25T20:59:31+00:00\",\"breadcrumb\":{\"@id\":\"https:\/\/www.frenchbymelanie.com\/en\/the-news\/#breadcrumb\"},\"inLanguage\":\"en-US\",\"potentialAction\":[{\"@type\":\"ReadAction\",\"target\":[\"https:\/\/www.frenchbymelanie.com\/en\/the-news\/\"]}]},{\"@type\":\"BreadcrumbList\",\"@id\":\"https:\/\/www.frenchbymelanie.com\/en\/the-news\/#breadcrumb\",\"itemListElement\":[{\"@type\":\"ListItem\",\"position\":1,\"name\":\"Accueil\",\"item\":\"https:\/\/www.frenchbymelanie.com\/en\/\"},{\"@type\":\"ListItem\",\"position\":2,\"name\":\"The news\"}]}]}<\/script>\n<!-- \/ Yoast SEO plugin. -->","yoast_head_json":{"title":"The news - French By M\u00e9lanie","robots":{"index":"index","follow":"follow","max-snippet":"max-snippet:-1","max-image-preview":"max-image-preview:large","max-video-preview":"max-video-preview:-1"},"canonical":"https:\/\/www.frenchbymelanie.com\/en\/the-news\/","og_locale":"en_US","og_type":"article","og_title":"The news - French By M\u00e9lanie","og_description":"The news &#8211; French By M\u00e9lanie &#8211; &#x22; No Results Found The page you requested could not be found. Try refining your search, or use the navigation above to locate the post. Book your French course ! Contact","og_url":"https:\/\/www.frenchbymelanie.com\/en\/the-news\/","og_site_name":"French By M\u00e9lanie","article_publisher":"https:\/\/www.facebook.com\/Myfrenchtour\/","article_modified_time":"2021-03-25T20:59:31+00:00","og_image":[{"width":1080,"height":1080,"url":"https:\/\/www.frenchbymelanie.com\/wp-content\/uploads\/2020\/03\/My-French-Tour-Tours-dans-le-vignoble-et-Sejours-linguistiques-en-Bourgogne13.jpg","path":"\/home\/frencha\/www\/wp-content\/uploads\/2020\/03\/My-French-Tour-Tours-dans-le-vignoble-et-Sejours-linguistiques-en-Bourgogne13.jpg","size":"full","id":885,"alt":"","pixels":1166400,"type":"image\/jpeg"}],"twitter_card":"summary_large_image","twitter_misc":{"Est. reading time":"3 minutes"},"schema":{"@context":"https:\/\/schema.org","@graph":[{"@type":"WebSite","@id":"https:\/\/www.frenchbymelanie.com\/#website","url":"https:\/\/www.frenchbymelanie.com\/","name":"French By M\u00e9lanie","description":"Cours de fran\u00e7ais et s\u00e9jours linguistiques en Bourgogne","potentialAction":[{"@type":"SearchAction","target":{"@type":"EntryPoint","urlTemplate":"https:\/\/www.frenchbymelanie.com\/?s={search_term_string}"},"query-input":"required name=search_term_string"}],"inLanguage":"en-US"},{"@type":"ImageObject","@id":"https:\/\/www.frenchbymelanie.com\/en\/the-news\/#primaryimage","inLanguage":"en-US","url":"https:\/\/www.frenchbymelanie.com\/wp-content\/uploads\/2020\/03\/My-French-Tour-Tours-dans-le-vignoble-et-Sejours-linguistiques-en-Bourgogne13.jpg","contentUrl":"https:\/\/www.frenchbymelanie.com\/wp-content\/uploads\/2020\/03\/My-French-Tour-Tours-dans-le-vignoble-et-Sejours-linguistiques-en-Bourgogne13.jpg","width":1080,"height":1080},{"@type":"WebPage","@id":"https:\/\/www.frenchbymelanie.com\/en\/the-news\/#webpage","url":"https:\/\/www.frenchbymelanie.com\/en\/the-news\/","name":"The news - French By M\u00e9lanie","isPartOf":{"@id":"https:\/\/www.frenchbymelanie.com\/#website"},"primaryImageOfPage":{"@id":"https:\/\/www.frenchbymelanie.com\/en\/the-news\/#primaryimage"},"datePublished":"2020-05-14T10:23:39+00:00","dateModified":"2021-03-25T20:59:31+00:00","breadcrumb":{"@id":"https:\/\/www.frenchbymelanie.com\/en\/the-news\/#breadcrumb"},"inLanguage":"en-US","potentialAction":[{"@type":"ReadAction","target":["https:\/\/www.frenchbymelanie.com\/en\/the-news\/"]}]},{"@type":"BreadcrumbList","@id":"https:\/\/www.frenchbymelanie.com\/en\/the-news\/#breadcrumb","itemListElement":[{"@type":"ListItem","position":1,"name":"Accueil","item":"https:\/\/www.frenchbymelanie.com\/en\/"},{"@type":"ListItem","position":2,"name":"The news"}]}]}},"_links":{"self":[{"href":"https:\/\/www.frenchbymelanie.com\/en\/wp-json\/wp\/v2\/pages\/1411"}],"collection":[{"href":"https:\/\/www.frenchbymelanie.com\/en\/wp-json\/wp\/v2\/pages"}],"about":[{"href":"https:\/\/www.frenchbymelanie.com\/en\/wp-json\/wp\/v2\/types\/page"}],"author":[{"embeddable":true,"href":"https:\/\/www.frenchbymelanie.com\/en\/wp-json\/wp\/v2\/users\/1"}],"replies":[{"embeddable":true,"href":"https:\/\/www.frenchbymelanie.com\/en\/wp-json\/wp\/v2\/comments?post=1411"}],"version-history":[{"count":2,"href":"https:\/\/www.frenchbymelanie.com\/en\/wp-json\/wp\/v2\/pages\/1411\/revisions"}],"predecessor-version":[{"id":1907,"href":"https:\/\/www.frenchbymelanie.com\/en\/wp-json\/wp\/v2\/pages\/1411\/revisions\/1907"}],"wp:featuredmedia":[{"embeddable":true,"href":"https:\/\/www.frenchbymelanie.com\/en\/wp-json\/wp\/v2\/media\/885"}],"wp:attachment":[{"href":"https:\/\/www.frenchbymelanie.com\/en\/wp-json\/wp\/v2\/media?parent=1411"}],"curies":[{"name":"wp","href":"https:\/\/api.w.org\/{rel}","templated":true}]}}